{"id":573,"date":"2012-04-23T20:58:41","date_gmt":"2012-04-23T20:58:41","guid":{"rendered":"http:\/\/chupetespersonalizados.wordpress.com\/?page_id=2"},"modified":"2020-04-20T16:04:25","modified_gmt":"2020-04-20T14:04:25","slug":"acerca-de","status":"publish","type":"page","link":"https:\/\/www.tutete.com\/blog\/acerca-de\/","title":{"rendered":"Acerca de Tutete"},"content":{"rendered":"<p><img loading=\"lazy\" decoding=\"async\" class=\"wp-image-4321 alignleft\" src=\"https:\/\/tutete.com\/blog\/wp-content\/uploads\/2012\/04\/imagen_equipo_2-2.png\" alt=\"\" width=\"336\" height=\"287\" \/><\/p>\n<p><strong>Tutete.com<\/strong> es la primera empresa en Espa\u00f1a especializada en la venta de chupetes personalizados, nuestros chupetes son exclusivos y de muy alta calidad, la variedad de colores y tetinas nos hace ser tambi\u00e9n la empresa de chupetes personalizados m\u00e1s grande del mundo.<\/p>\n<h3>\u00bfQu\u00e9 nos hace diferentes?<\/h3>\n<p>Nuestro grabado es el \u00fanico que es realmente permanente, que adem\u00e1s graba sin relieve y se queda totalmente limpio en el chupete, no existe un grabado igual en otra tienda. La identificaci\u00f3n de los chupetes es algo que lanz\u00f3 <strong>Tutete.com<\/strong> hace ya m\u00e1s de 5 a\u00f1os, con la idea de que en las guarder\u00edas los ni\u00f1os no tuviesen que llevar los chupetes marcados con rotulador.<\/p>\n<h3>\u00a0\u00bfSobre qu\u00e9 hablamos en este blog?<\/h3>\n<p>En este blog encontrar\u00e9is ideas, novedades y caracter\u00edsticas de nuestros bonitos chupetes grabados, pero tambi\u00e9n de los mas de 1500 productos que os ofrecemos en nuestra tienda online <strong>www.tutete.com<\/strong>. Pero no solo vamos a hablar de nuestros productos, tambi\u00e9n nos encanta hablar de <strong><a href=\"http:\/\/chupetespersonalizados.com\/\/2012\/10\/10-consejos-para-mamas-primerizas\/\">trucos y consejos<\/a>, <a href=\"http:\/\/chupetespersonalizados.com\/\/2012\/11\/smoothie-sabroso-para-merendar\/\">alimentaci\u00f3n<\/a>, juegos, curiosidades, cosas divertidas o <a href=\"http:\/\/chupetespersonalizados.com\/\/2012\/12\/cojin-theraline-para-mi-el-todo-terreno-de-los-cojines-de-lactancia\/\">art\u00edculos<\/a> de otras p\u00e1ginas que nos han llamado la atenci\u00f3n.<\/strong><\/p>\n<h3>Lo qu\u00e9 m\u00e1s nos importa son los peques<\/h3>\n<p>Del mismo modo que creamos <strong>Tutete<\/strong> para hacer m\u00e1s seguro y divertido el mundo de los chupetes y ayudar los pap\u00e1s y mam\u00e1s a cuidar de sus peques, este blog est\u00e1 orientado a exactamente lo mismo, hacer de la infancia algo divertido pero tambi\u00e9n seguro.<\/p>\n<h3>\u00bfSe pueden compartir los contenidos del blog de Tutete.com?<\/h3>\n<p>Todos los contenidos del blog de <strong>Tutete<\/strong> se encuentran bajo <strong>licencia Creative Commons<\/strong>, si quieres usar nuestros contenidos siempre que no sea con un fin comercial, solamente tienes que enlazarnos como fuente de informaci\u00f3n<\/p>\n<h3>Contacto<\/h3>\n<p>Si quieres ponerte en contacto con <strong>Tutete<\/strong> puedes hacerlo a trav\u00e9s de nuestra <a href=\"https:\/\/www.tutete.com\/tienda\/contact.php?language=es\" target=\"_blank\" rel=\"noopener noreferrer\">p\u00e1gina de contacto<\/a>.<\/p>\n","protected":false},"excerpt":{"rendered":"<p>Tutete.com es la primera empresa en Espa\u00f1a especializada en la venta de chupetes personalizados, nuestros chupetes son exclusivos y de muy alta calidad, la variedad de colores y tetinas nos hace ser tambi\u00e9n la empresa de chupetes personalizados m\u00e1s grande [&hellip;]<\/p>\n","protected":false},"author":1,"featured_media":0,"parent":0,"menu_order":0,"comment_status":"closed","ping_status":"closed","template":"","meta":{"_monsterinsights_skip_tracking":false,"_monsterinsights_sitenote_active":false,"_monsterinsights_sitenote_note":"","_monsterinsights_sitenote_category":0,"footnotes":""},"class_list":["post-573","page","type-page","status-publish","hentry"],"yoast_head":"<!-- This site is optimized with the Yoast SEO plugin v26.8 - https:\/\/yoast.com\/product\/yoast-seo-wordpress\/ -->\n<title>Acerca de Tutete - Chupetes Personalizados - El blog de Tutete<\/title>\n<meta name=\"description\" content=\"Tutete.com es la primera empresa en Espa\u00f1a especializada en la venta de chupetes personalizados, nuestros chupetes son exclusivos y de muy alta calidad,\" \/>\n<meta name=\"robots\" content=\"index, follow, max-snippet:-1, max-image-preview:large, max-video-preview:-1\" \/>\n<link rel=\"canonical\" href=\"https:\/\/dev.tutete.com\/blog\/acerca-de\/\" \/>\n<meta property=\"og:locale\" content=\"es_ES\" \/>\n<meta property=\"og:type\" content=\"article\" \/>\n<meta property=\"og:title\" content=\"Acerca de Tutete - Chupetes Personalizados - El blog de Tutete\" \/>\n<meta property=\"og:description\" content=\"Tutete.com es la primera empresa en Espa\u00f1a especializada en la venta de chupetes personalizados, nuestros chupetes son exclusivos y de muy alta calidad,\" \/>\n<meta property=\"og:url\" content=\"https:\/\/dev.tutete.com\/blog\/acerca-de\/\" \/>\n<meta property=\"og:site_name\" content=\"Chupetes Personalizados - El blog de Tutete\" \/>\n<meta property=\"article:publisher\" content=\"https:\/\/www.facebook.com\/tutetecom\/\" \/>\n<meta property=\"article:modified_time\" content=\"2020-04-20T14:04:25+00:00\" \/>\n<meta property=\"og:image\" content=\"https:\/\/tutete.com\/blog\/wp-content\/uploads\/2012\/04\/imagen_equipo_2-2.png\" \/>\n<meta name=\"twitter:card\" content=\"summary_large_image\" \/>\n<meta name=\"twitter:site\" content=\"@Tutetecom\" \/>\n<meta name=\"twitter:label1\" content=\"Est. reading time\" \/>\n\t<meta name=\"twitter:data1\" content=\"2 minutos\" \/>\n<script type=\"application\/ld+json\" class=\"yoast-schema-graph\">{\"@context\":\"https:\/\/schema.org\",\"@graph\":[{\"@type\":\"WebPage\",\"@id\":\"https:\/\/dev.tutete.com\/blog\/acerca-de\/\",\"url\":\"https:\/\/dev.tutete.com\/blog\/acerca-de\/\",\"name\":\"Acerca de Tutete - Chupetes Personalizados - El blog de Tutete\",\"isPartOf\":{\"@id\":\"https:\/\/dev.tutete.com\/blog\/#website\"},\"primaryImageOfPage\":{\"@id\":\"https:\/\/dev.tutete.com\/blog\/acerca-de\/#primaryimage\"},\"image\":{\"@id\":\"https:\/\/dev.tutete.com\/blog\/acerca-de\/#primaryimage\"},\"thumbnailUrl\":\"https:\/\/tutete.com\/blog\/wp-content\/uploads\/2012\/04\/imagen_equipo_2-2.png\",\"datePublished\":\"2012-04-23T20:58:41+00:00\",\"dateModified\":\"2020-04-20T14:04:25+00:00\",\"description\":\"Tutete.com es la primera empresa en Espa\u00f1a especializada en la venta de chupetes personalizados, nuestros chupetes son exclusivos y de muy alta calidad,\",\"breadcrumb\":{\"@id\":\"https:\/\/dev.tutete.com\/blog\/acerca-de\/#breadcrumb\"},\"inLanguage\":\"es\",\"potentialAction\":[{\"@type\":\"ReadAction\",\"target\":[\"https:\/\/dev.tutete.com\/blog\/acerca-de\/\"]}]},{\"@type\":\"ImageObject\",\"inLanguage\":\"es\",\"@id\":\"https:\/\/dev.tutete.com\/blog\/acerca-de\/#primaryimage\",\"url\":\"https:\/\/tutete.com\/blog\/wp-content\/uploads\/2012\/04\/imagen_equipo_2-2.png\",\"contentUrl\":\"https:\/\/tutete.com\/blog\/wp-content\/uploads\/2012\/04\/imagen_equipo_2-2.png\"},{\"@type\":\"BreadcrumbList\",\"@id\":\"https:\/\/dev.tutete.com\/blog\/acerca-de\/#breadcrumb\",\"itemListElement\":[{\"@type\":\"ListItem\",\"position\":1,\"name\":\"Portada\",\"item\":\"https:\/\/dev.tutete.com\/blog\/\"},{\"@type\":\"ListItem\",\"position\":2,\"name\":\"Acerca de Tutete\"}]},{\"@type\":\"WebSite\",\"@id\":\"https:\/\/dev.tutete.com\/blog\/#website\",\"url\":\"https:\/\/dev.tutete.com\/blog\/\",\"name\":\"Chupetes Personalizados - El blog de Tutete\",\"description\":\"Chupetes Personalizados\",\"potentialAction\":[{\"@type\":\"SearchAction\",\"target\":{\"@type\":\"EntryPoint\",\"urlTemplate\":\"https:\/\/dev.tutete.com\/blog\/?s={search_term_string}\"},\"query-input\":{\"@type\":\"PropertyValueSpecification\",\"valueRequired\":true,\"valueName\":\"search_term_string\"}}],\"inLanguage\":\"es\"}]}<\/script>\n<!-- \/ Yoast SEO plugin. -->","yoast_head_json":{"title":"Acerca de Tutete - Chupetes Personalizados - El blog de Tutete","description":"Tutete.com es la primera empresa en Espa\u00f1a especializada en la venta de chupetes personalizados, nuestros chupetes son exclusivos y de muy alta calidad,","robots":{"index":"index","follow":"follow","max-snippet":"max-snippet:-1","max-image-preview":"max-image-preview:large","max-video-preview":"max-video-preview:-1"},"canonical":"https:\/\/dev.tutete.com\/blog\/acerca-de\/","og_locale":"es_ES","og_type":"article","og_title":"Acerca de Tutete - Chupetes Personalizados - El blog de Tutete","og_description":"Tutete.com es la primera empresa en Espa\u00f1a especializada en la venta de chupetes personalizados, nuestros chupetes son exclusivos y de muy alta calidad,","og_url":"https:\/\/dev.tutete.com\/blog\/acerca-de\/","og_site_name":"Chupetes Personalizados - El blog de Tutete","article_publisher":"https:\/\/www.facebook.com\/tutetecom\/","article_modified_time":"2020-04-20T14:04:25+00:00","og_image":[{"url":"https:\/\/tutete.com\/blog\/wp-content\/uploads\/2012\/04\/imagen_equipo_2-2.png","type":"","width":"","height":""}],"twitter_card":"summary_large_image","twitter_site":"@Tutetecom","twitter_misc":{"Est. reading time":"2 minutos"},"schema":{"@context":"https:\/\/schema.org","@graph":[{"@type":"WebPage","@id":"https:\/\/dev.tutete.com\/blog\/acerca-de\/","url":"https:\/\/dev.tutete.com\/blog\/acerca-de\/","name":"Acerca de Tutete - Chupetes Personalizados - El blog de Tutete","isPartOf":{"@id":"https:\/\/dev.tutete.com\/blog\/#website"},"primaryImageOfPage":{"@id":"https:\/\/dev.tutete.com\/blog\/acerca-de\/#primaryimage"},"image":{"@id":"https:\/\/dev.tutete.com\/blog\/acerca-de\/#primaryimage"},"thumbnailUrl":"https:\/\/tutete.com\/blog\/wp-content\/uploads\/2012\/04\/imagen_equipo_2-2.png","datePublished":"2012-04-23T20:58:41+00:00","dateModified":"2020-04-20T14:04:25+00:00","description":"Tutete.com es la primera empresa en Espa\u00f1a especializada en la venta de chupetes personalizados, nuestros chupetes son exclusivos y de muy alta calidad,","breadcrumb":{"@id":"https:\/\/dev.tutete.com\/blog\/acerca-de\/#breadcrumb"},"inLanguage":"es","potentialAction":[{"@type":"ReadAction","target":["https:\/\/dev.tutete.com\/blog\/acerca-de\/"]}]},{"@type":"ImageObject","inLanguage":"es","@id":"https:\/\/dev.tutete.com\/blog\/acerca-de\/#primaryimage","url":"https:\/\/tutete.com\/blog\/wp-content\/uploads\/2012\/04\/imagen_equipo_2-2.png","contentUrl":"https:\/\/tutete.com\/blog\/wp-content\/uploads\/2012\/04\/imagen_equipo_2-2.png"},{"@type":"BreadcrumbList","@id":"https:\/\/dev.tutete.com\/blog\/acerca-de\/#breadcrumb","itemListElement":[{"@type":"ListItem","position":1,"name":"Portada","item":"https:\/\/dev.tutete.com\/blog\/"},{"@type":"ListItem","position":2,"name":"Acerca de Tutete"}]},{"@type":"WebSite","@id":"https:\/\/dev.tutete.com\/blog\/#website","url":"https:\/\/dev.tutete.com\/blog\/","name":"Chupetes Personalizados - El blog de Tutete","description":"Chupetes Personalizados","potentialAction":[{"@type":"SearchAction","target":{"@type":"EntryPoint","urlTemplate":"https:\/\/dev.tutete.com\/blog\/?s={search_term_string}"},"query-input":{"@type":"PropertyValueSpecification","valueRequired":true,"valueName":"search_term_string"}}],"inLanguage":"es"}]}},"_links":{"self":[{"href":"https:\/\/www.tutete.com\/blog\/wp-json\/wp\/v2\/pages\/573","targetHints":{"allow":["GET"]}}],"collection":[{"href":"https:\/\/www.tutete.com\/blog\/wp-json\/wp\/v2\/pages"}],"about":[{"href":"https:\/\/www.tutete.com\/blog\/wp-json\/wp\/v2\/types\/page"}],"author":[{"embeddable":true,"href":"https:\/\/www.tutete.com\/blog\/wp-json\/wp\/v2\/users\/1"}],"replies":[{"embeddable":true,"href":"https:\/\/www.tutete.com\/blog\/wp-json\/wp\/v2\/comments?post=573"}],"version-history":[{"count":0,"href":"https:\/\/www.tutete.com\/blog\/wp-json\/wp\/v2\/pages\/573\/revisions"}],"wp:attachment":[{"href":"https:\/\/www.tutete.com\/blog\/wp-json\/wp\/v2\/media?parent=573"}],"curies":[{"name":"wp","href":"https:\/\/api.w.org\/{rel}","templated":true}]}}